{"id":57,"date":"2015-05-19T10:44:36","date_gmt":"2015-05-19T10:44:14","guid":{"rendered":"http:\/\/homar.nl\/?page_id=57"},"modified":"2025-06-12T14:57:33","modified_gmt":"2025-06-12T12:57:33","slug":"bizim-hizmetimiz","status":"publish","type":"page","link":"https:\/\/www.homar.nl\/tr\/bizim-hizmetimiz\/","title":{"rendered":"Bizim hizmetimiz"},"content":{"rendered":"<p>Birka\u00e7 y\u0131l \u00f6nce, \u00e7o\u011fu makineyi \"oldu\u011fu gibi\" sat\u0131yorduk, ancak \u015fimdi neredeyse t\u00fcm vin\u00e7ler kapsaml\u0131 bir \u015fekilde kontrol edildi ve onar\u0131ld\u0131 ve bazen yeniden boyand\u0131. Elbette satt\u0131\u011f\u0131m\u0131z t\u00fcm makineler \u00e7al\u0131\u015fmaya haz\u0131rd\u0131r. Sigorta ve gerekli belgeler de dahil olmak \u00fczere nakliyeyi de ayarlayabiliriz. Daha fazla bilgiyi servisimizde bulabilir veya do\u011frudan bizimle ileti\u015fime ge\u00e7ebilirsiniz. Vin\u00e7lerimizi detaylar\u0131 ve foto\u011fraflar\u0131 ile stok listemizde bulabilirsiniz, ayr\u0131ca size \u00e7e\u015fitli yeni ve kullan\u0131lm\u0131\u015f par\u00e7alar da sunabiliriz.<\/p>","protected":false},"excerpt":{"rendered":"<p>Birka\u00e7 y\u0131l \u00f6nce, \u00e7o\u011fu makineyi \"oldu\u011fu gibi\" sat\u0131yorduk, ancak \u015fimdi neredeyse t\u00fcm vin\u00e7ler kapsaml\u0131 bir \u015fekilde kontrol edildi ve onar\u0131ld\u0131 ve bazen yeniden boyand\u0131. Elbette satt\u0131\u011f\u0131m\u0131z t\u00fcm makineler \u00e7al\u0131\u015fmaya haz\u0131rd\u0131r. Sigorta ve gerekli belgeler de dahil olmak \u00fczere nakliyeyi de ayarlayabiliriz. Daha fazla bilgiyi servisimizde bulabilirsiniz [...]<\/p>","protected":false},"author":1,"featured_media":0,"parent":0,"menu_order":4,"comment_status":"closed","ping_status":"closed","template":"page-onze-service-template-6","meta":{"saved_in_kubio":true,"footnotes":""},"class_list":["post-57","page","type-page","status-publish","hentry"],"featured_image_url":[],"post_author":"Tom van Winsen","assigned_categories":"","mb":[],"kubio_ai_page_context":{"short_desc":"","purpose":"general"},"yoast_head":"<!-- This site is optimized with the Yoast SEO plugin v26.9 - https:\/\/yoast.com\/product\/yoast-seo-wordpress\/ -->\n<title>Onze service | Homar B.V.<\/title>\n<meta name=\"robots\" content=\"index, follow, max-snippet:-1, max-image-preview:large, max-video-preview:-1\" \/>\n<link rel=\"canonical\" href=\"https:\/\/www.homar.nl\/tr\/bizim-hizmetimiz\/\" \/>\n<meta property=\"og:locale\" content=\"tr_TR\" \/>\n<meta property=\"og:type\" content=\"article\" \/>\n<meta property=\"og:title\" content=\"Onze service | Homar B.V.\" \/>\n<meta property=\"og:description\" content=\"Een paar jaar geleden verkochten we de meeste machines \u201cas is\u201d, maar nu zijn bijna alle kranen grondig nagekeken en gerepareerd en soms ook opnieuw gespoten. Uiteraard zijn alle machines die we verkopen klaar om te werken. We kunnen ook transport regelen inclusief verzekering en de benodigde documenten. Meer informatie vindt u in onze service [&hellip;]\" \/>\n<meta property=\"og:url\" content=\"https:\/\/www.homar.nl\/tr\/bizim-hizmetimiz\/\" \/>\n<meta property=\"og:site_name\" content=\"Homar B.V.\" \/>\n<meta property=\"article:publisher\" content=\"https:\/\/www.facebook.com\/homarcranesworldwide\" \/>\n<meta property=\"article:modified_time\" content=\"2025-06-12T12:57:33+00:00\" \/>\n<meta name=\"twitter:card\" content=\"summary_large_image\" \/>\n<script type=\"application\/ld+json\" class=\"yoast-schema-graph\">{\"@context\":\"https:\/\/schema.org\",\"@graph\":[{\"@type\":\"WebPage\",\"@id\":\"https:\/\/www.homar.nl\/onze-service\/\",\"url\":\"https:\/\/www.homar.nl\/onze-service\/\",\"name\":\"Onze service | Homar B.V.\",\"isPartOf\":{\"@id\":\"https:\/\/www.homar.nl\/#website\"},\"datePublished\":\"2015-05-19T10:44:14+00:00\",\"dateModified\":\"2025-06-12T12:57:33+00:00\",\"breadcrumb\":{\"@id\":\"https:\/\/www.homar.nl\/onze-service\/#breadcrumb\"},\"inLanguage\":\"tr\",\"potentialAction\":[{\"@type\":\"ReadAction\",\"target\":[\"https:\/\/www.homar.nl\/onze-service\/\"]}]},{\"@type\":\"BreadcrumbList\",\"@id\":\"https:\/\/www.homar.nl\/onze-service\/#breadcrumb\",\"itemListElement\":[{\"@type\":\"ListItem\",\"position\":1,\"name\":\"Home\",\"item\":\"https:\/\/www.homar.nl\/\"},{\"@type\":\"ListItem\",\"position\":2,\"name\":\"Onze service\"}]},{\"@type\":\"WebSite\",\"@id\":\"https:\/\/www.homar.nl\/#website\",\"url\":\"https:\/\/www.homar.nl\/\",\"name\":\"Homar B.V.\",\"description\":\"Cranes Worldwide\",\"publisher\":{\"@id\":\"https:\/\/www.homar.nl\/#organization\"},\"potentialAction\":[{\"@type\":\"SearchAction\",\"target\":{\"@type\":\"EntryPoint\",\"urlTemplate\":\"https:\/\/www.homar.nl\/?s={search_term_string}\"},\"query-input\":{\"@type\":\"PropertyValueSpecification\",\"valueRequired\":true,\"valueName\":\"search_term_string\"}}],\"inLanguage\":\"tr\"},{\"@type\":\"Organization\",\"@id\":\"https:\/\/www.homar.nl\/#organization\",\"name\":\"Homar B.V.\",\"url\":\"https:\/\/www.homar.nl\/\",\"logo\":{\"@type\":\"ImageObject\",\"inLanguage\":\"tr\",\"@id\":\"https:\/\/www.homar.nl\/#\/schema\/logo\/image\/\",\"url\":\"https:\/\/www.homar.nl\/wp-content\/uploads\/2025\/01\/cropped-Logo-Homar-middel.png\",\"contentUrl\":\"https:\/\/www.homar.nl\/wp-content\/uploads\/2025\/01\/cropped-Logo-Homar-middel.png\",\"width\":205,\"height\":138,\"caption\":\"Homar B.V.\"},\"image\":{\"@id\":\"https:\/\/www.homar.nl\/#\/schema\/logo\/image\/\"},\"sameAs\":[\"https:\/\/www.facebook.com\/homarcranesworldwide\"]}]}<\/script>\n<!-- \/ Yoast SEO plugin. -->","yoast_head_json":{"title":"Onze service | Homar B.V.","robots":{"index":"index","follow":"follow","max-snippet":"max-snippet:-1","max-image-preview":"max-image-preview:large","max-video-preview":"max-video-preview:-1"},"canonical":"https:\/\/www.homar.nl\/tr\/bizim-hizmetimiz\/","og_locale":"tr_TR","og_type":"article","og_title":"Onze service | Homar B.V.","og_description":"Een paar jaar geleden verkochten we de meeste machines \u201cas is\u201d, maar nu zijn bijna alle kranen grondig nagekeken en gerepareerd en soms ook opnieuw gespoten. Uiteraard zijn alle machines die we verkopen klaar om te werken. We kunnen ook transport regelen inclusief verzekering en de benodigde documenten. Meer informatie vindt u in onze service [&hellip;]","og_url":"https:\/\/www.homar.nl\/tr\/bizim-hizmetimiz\/","og_site_name":"Homar B.V.","article_publisher":"https:\/\/www.facebook.com\/homarcranesworldwide","article_modified_time":"2025-06-12T12:57:33+00:00","twitter_card":"summary_large_image","schema":{"@context":"https:\/\/schema.org","@graph":[{"@type":"WebPage","@id":"https:\/\/www.homar.nl\/onze-service\/","url":"https:\/\/www.homar.nl\/onze-service\/","name":"Onze service | Homar B.V.","isPartOf":{"@id":"https:\/\/www.homar.nl\/#website"},"datePublished":"2015-05-19T10:44:14+00:00","dateModified":"2025-06-12T12:57:33+00:00","breadcrumb":{"@id":"https:\/\/www.homar.nl\/onze-service\/#breadcrumb"},"inLanguage":"tr","potentialAction":[{"@type":"ReadAction","target":["https:\/\/www.homar.nl\/onze-service\/"]}]},{"@type":"BreadcrumbList","@id":"https:\/\/www.homar.nl\/onze-service\/#breadcrumb","itemListElement":[{"@type":"ListItem","position":1,"name":"Home","item":"https:\/\/www.homar.nl\/"},{"@type":"ListItem","position":2,"name":"Onze service"}]},{"@type":"WebSite","@id":"https:\/\/www.homar.nl\/#website","url":"https:\/\/www.homar.nl\/","name":"Homar B.V.","description":"D\u00fcnya \u00c7ap\u0131nda Vin\u00e7ler","publisher":{"@id":"https:\/\/www.homar.nl\/#organization"},"potentialAction":[{"@type":"SearchAction","target":{"@type":"EntryPoint","urlTemplate":"https:\/\/www.homar.nl\/?s={search_term_string}"},"query-input":{"@type":"PropertyValueSpecification","valueRequired":true,"valueName":"search_term_string"}}],"inLanguage":"tr"},{"@type":"Organization","@id":"https:\/\/www.homar.nl\/#organization","name":"Homar B.V.","url":"https:\/\/www.homar.nl\/","logo":{"@type":"ImageObject","inLanguage":"tr","@id":"https:\/\/www.homar.nl\/#\/schema\/logo\/image\/","url":"https:\/\/www.homar.nl\/wp-content\/uploads\/2025\/01\/cropped-Logo-Homar-middel.png","contentUrl":"https:\/\/www.homar.nl\/wp-content\/uploads\/2025\/01\/cropped-Logo-Homar-middel.png","width":205,"height":138,"caption":"Homar B.V."},"image":{"@id":"https:\/\/www.homar.nl\/#\/schema\/logo\/image\/"},"sameAs":["https:\/\/www.facebook.com\/homarcranesworldwide"]}]}},"mfb_rest_fields":["title","featured_image_url","post_author","assigned_categories","kubio_ai_page_context","yoast_head","yoast_head_json","gutenberg_elementor_mode"],"_links":{"self":[{"href":"https:\/\/www.homar.nl\/tr\/wp-json\/wp\/v2\/pages\/57","targetHints":{"allow":["GET"]}}],"collection":[{"href":"https:\/\/www.homar.nl\/tr\/wp-json\/wp\/v2\/pages"}],"about":[{"href":"https:\/\/www.homar.nl\/tr\/wp-json\/wp\/v2\/types\/page"}],"author":[{"embeddable":true,"href":"https:\/\/www.homar.nl\/tr\/wp-json\/wp\/v2\/users\/1"}],"replies":[{"embeddable":true,"href":"https:\/\/www.homar.nl\/tr\/wp-json\/wp\/v2\/comments?post=57"}],"version-history":[{"count":0,"href":"https:\/\/www.homar.nl\/tr\/wp-json\/wp\/v2\/pages\/57\/revisions"}],"wp:attachment":[{"href":"https:\/\/www.homar.nl\/tr\/wp-json\/wp\/v2\/media?parent=57"}],"curies":[{"name":"wp","href":"https:\/\/api.w.org\/{rel}","templated":true}]}}