{"id":32570,"date":"2025-03-24T09:55:11","date_gmt":"2025-03-24T09:55:11","guid":{"rendered":"https:\/\/www.homar.nl\/versnellingsbakken\/"},"modified":"2025-04-01T11:04:49","modified_gmt":"2025-04-01T11:04:49","slug":"sanzimanlar","status":"publish","type":"page","link":"https:\/\/www.homar.nl\/tr\/sanzimanlar\/","title":{"rendered":"\u015eanz\u0131manlar"},"content":{"rendered":"<div class='content-column one_half'><div id=\"attachment_18101\" style=\"width: 235px\" class=\"wp-caption alignnone\"><a href=\"https:\/\/www.homar.nl\/wp-content\/uploads\/2016\/03\/Eaton-91281300323.jpg\" data-rel=\"lightbox-image-0\" data-rl_title=\"\" data-rl_caption=\"\" title=\"\"><img fetchpriority=\"high\" decoding=\"async\" aria-describedby=\"caption-attachment-18101\" class=\"wp-image-18101 size-medium\" src=\"https:\/\/www.homar.nl\/wp-content\/uploads\/2016\/03\/Eaton-91281300323-225x300.jpg\" alt=\"\" width=\"225\" height=\"300\" srcset=\"https:\/\/www.homar.nl\/wp-content\/uploads\/2016\/03\/Eaton-91281300323-225x300.jpg 225w, https:\/\/www.homar.nl\/wp-content\/uploads\/2016\/03\/Eaton-91281300323-768x1024.jpg 768w, https:\/\/www.homar.nl\/wp-content\/uploads\/2016\/03\/Eaton-91281300323-1152x1536.jpg 1152w, https:\/\/www.homar.nl\/wp-content\/uploads\/2016\/03\/Eaton-91281300323-624x832.jpg 624w, https:\/\/www.homar.nl\/wp-content\/uploads\/2016\/03\/Eaton-91281300323.jpg 1512w\" sizes=\"(max-width: 225px) 100vw, 225px\" \/><\/a><p id=\"caption-attachment-18101\" class=\"wp-caption-text\">Eaton 91281300323<\/p><\/div>\r\n\r\n<div id=\"attachment_18102\" style=\"width: 235px\" class=\"wp-caption alignnone\"><a href=\"https:\/\/www.homar.nl\/wp-content\/uploads\/2016\/03\/Eaton.jpg\" data-rel=\"lightbox-image-1\" data-rl_title=\"\" data-rl_caption=\"\" title=\"\"><img decoding=\"async\" aria-describedby=\"caption-attachment-18102\" class=\"wp-image-18102 size-medium\" src=\"https:\/\/www.homar.nl\/wp-content\/uploads\/2016\/03\/Eaton-225x300.jpg\" alt=\"\" width=\"225\" height=\"300\" srcset=\"https:\/\/www.homar.nl\/wp-content\/uploads\/2016\/03\/Eaton-225x300.jpg 225w, https:\/\/www.homar.nl\/wp-content\/uploads\/2016\/03\/Eaton-768x1024.jpg 768w, https:\/\/www.homar.nl\/wp-content\/uploads\/2016\/03\/Eaton-1152x1536.jpg 1152w, https:\/\/www.homar.nl\/wp-content\/uploads\/2016\/03\/Eaton-624x832.jpg 624w, https:\/\/www.homar.nl\/wp-content\/uploads\/2016\/03\/Eaton.jpg 1512w\" sizes=\"(max-width: 225px) 100vw, 225px\" \/><\/a><p id=\"caption-attachment-18102\" class=\"wp-caption-text\">Eaton<\/p><\/div>\r\n\r\n<div id=\"attachment_18103\" style=\"width: 235px\" class=\"wp-caption alignnone\"><a href=\"https:\/\/www.homar.nl\/wp-content\/uploads\/2016\/03\/Fueller-5A-620.jpg\" data-rel=\"lightbox-image-2\" data-rl_title=\"\" data-rl_caption=\"\" title=\"\"><img decoding=\"async\" aria-describedby=\"caption-attachment-18103\" class=\"wp-image-18103 size-medium\" src=\"https:\/\/www.homar.nl\/wp-content\/uploads\/2016\/03\/Fueller-5A-620-225x300.jpg\" alt=\"\" width=\"225\" height=\"300\" srcset=\"https:\/\/www.homar.nl\/wp-content\/uploads\/2016\/03\/Fueller-5A-620-225x300.jpg 225w, https:\/\/www.homar.nl\/wp-content\/uploads\/2016\/03\/Fueller-5A-620-768x1024.jpg 768w, https:\/\/www.homar.nl\/wp-content\/uploads\/2016\/03\/Fueller-5A-620-1152x1536.jpg 1152w, https:\/\/www.homar.nl\/wp-content\/uploads\/2016\/03\/Fueller-5A-620-624x832.jpg 624w, https:\/\/www.homar.nl\/wp-content\/uploads\/2016\/03\/Fueller-5A-620.jpg 1512w\" sizes=\"(max-width: 225px) 100vw, 225px\" \/><\/a><p id=\"caption-attachment-18103\" class=\"wp-caption-text\">Fueller 5A 620<\/p><\/div>\r\n\r\n<div id=\"attachment_18104\" style=\"width: 235px\" class=\"wp-caption alignnone\"><a href=\"https:\/\/www.homar.nl\/wp-content\/uploads\/2016\/03\/ZF-AK-6-55.jpg\" data-rel=\"lightbox-image-3\" data-rl_title=\"\" data-rl_caption=\"\" title=\"\"><img loading=\"lazy\" decoding=\"async\" aria-describedby=\"caption-attachment-18104\" class=\"wp-image-18104 size-medium\" src=\"https:\/\/www.homar.nl\/wp-content\/uploads\/2016\/03\/ZF-AK-6-55-225x300.jpg\" alt=\"\" width=\"225\" height=\"300\" srcset=\"https:\/\/www.homar.nl\/wp-content\/uploads\/2016\/03\/ZF-AK-6-55-225x300.jpg 225w, https:\/\/www.homar.nl\/wp-content\/uploads\/2016\/03\/ZF-AK-6-55-768x1024.jpg 768w, https:\/\/www.homar.nl\/wp-content\/uploads\/2016\/03\/ZF-AK-6-55-1152x1536.jpg 1152w, https:\/\/www.homar.nl\/wp-content\/uploads\/2016\/03\/ZF-AK-6-55-624x832.jpg 624w, https:\/\/www.homar.nl\/wp-content\/uploads\/2016\/03\/ZF-AK-6-55.jpg 1512w\" sizes=\"(max-width: 225px) 100vw, 225px\" \/><\/a><p id=\"caption-attachment-18104\" class=\"wp-caption-text\">ZF AK 6-55<\/p><\/div>\r\n\r\n<div id=\"attachment_18105\" style=\"width: 235px\" class=\"wp-caption alignnone\"><a href=\"https:\/\/www.homar.nl\/wp-content\/uploads\/2016\/03\/ZF-AK-6-70-3.jpg\" data-rel=\"lightbox-image-4\" data-rl_title=\"\" data-rl_caption=\"\" title=\"\"><img loading=\"lazy\" decoding=\"async\" aria-describedby=\"caption-attachment-18105\" class=\"wp-image-18105 size-medium\" src=\"https:\/\/www.homar.nl\/wp-content\/uploads\/2016\/03\/ZF-AK-6-70-3-225x300.jpg\" alt=\"\" width=\"225\" height=\"300\" srcset=\"https:\/\/www.homar.nl\/wp-content\/uploads\/2016\/03\/ZF-AK-6-70-3-225x300.jpg 225w, https:\/\/www.homar.nl\/wp-content\/uploads\/2016\/03\/ZF-AK-6-70-3-768x1024.jpg 768w, https:\/\/www.homar.nl\/wp-content\/uploads\/2016\/03\/ZF-AK-6-70-3-1152x1536.jpg 1152w, https:\/\/www.homar.nl\/wp-content\/uploads\/2016\/03\/ZF-AK-6-70-3-624x832.jpg 624w, https:\/\/www.homar.nl\/wp-content\/uploads\/2016\/03\/ZF-AK-6-70-3.jpg 1512w\" sizes=\"(max-width: 225px) 100vw, 225px\" \/><\/a><p id=\"caption-attachment-18105\" class=\"wp-caption-text\">ZF AK 6-70-3<\/p><\/div>\r\n\r\n<div id=\"attachment_18111\" style=\"width: 235px\" class=\"wp-caption alignnone\"><a href=\"https:\/\/www.homar.nl\/wp-content\/uploads\/2016\/03\/ZF-S-6-70-3.jpg\" data-rel=\"lightbox-image-5\" data-rl_title=\"\" data-rl_caption=\"\" title=\"\"><img loading=\"lazy\" decoding=\"async\" aria-describedby=\"caption-attachment-18111\" class=\"wp-image-18111 size-medium\" src=\"https:\/\/www.homar.nl\/wp-content\/uploads\/2016\/03\/ZF-S-6-70-3-225x300.jpg\" alt=\"\" width=\"225\" height=\"300\" srcset=\"https:\/\/www.homar.nl\/wp-content\/uploads\/2016\/03\/ZF-S-6-70-3-225x300.jpg 225w, https:\/\/www.homar.nl\/wp-content\/uploads\/2016\/03\/ZF-S-6-70-3-768x1024.jpg 768w, https:\/\/www.homar.nl\/wp-content\/uploads\/2016\/03\/ZF-S-6-70-3-1152x1536.jpg 1152w, https:\/\/www.homar.nl\/wp-content\/uploads\/2016\/03\/ZF-S-6-70-3-624x832.jpg 624w, https:\/\/www.homar.nl\/wp-content\/uploads\/2016\/03\/ZF-S-6-70-3.jpg 1512w\" sizes=\"(max-width: 225px) 100vw, 225px\" \/><\/a><p id=\"caption-attachment-18111\" class=\"wp-caption-text\">ZF S-6-70-3<\/p><\/div><\/div><div class='content-column one_half last_column'><div id=\"attachment_18106\" style=\"width: 235px\" class=\"wp-caption alignnone\"><a href=\"https:\/\/www.homar.nl\/wp-content\/uploads\/2016\/03\/ZF-AK-6-90-5-B.jpg\" data-rel=\"lightbox-image-6\" data-rl_title=\"\" data-rl_caption=\"\" title=\"\"><img loading=\"lazy\" decoding=\"async\" aria-describedby=\"caption-attachment-18106\" class=\"wp-image-18106 size-medium\" src=\"https:\/\/www.homar.nl\/wp-content\/uploads\/2016\/03\/ZF-AK-6-90-5-B-225x300.jpg\" alt=\"\" width=\"225\" height=\"300\" srcset=\"https:\/\/www.homar.nl\/wp-content\/uploads\/2016\/03\/ZF-AK-6-90-5-B-225x300.jpg 225w, https:\/\/www.homar.nl\/wp-content\/uploads\/2016\/03\/ZF-AK-6-90-5-B-768x1024.jpg 768w, https:\/\/www.homar.nl\/wp-content\/uploads\/2016\/03\/ZF-AK-6-90-5-B-1152x1536.jpg 1152w, https:\/\/www.homar.nl\/wp-content\/uploads\/2016\/03\/ZF-AK-6-90-5-B-624x832.jpg 624w, https:\/\/www.homar.nl\/wp-content\/uploads\/2016\/03\/ZF-AK-6-90-5-B.jpg 1512w\" sizes=\"(max-width: 225px) 100vw, 225px\" \/><\/a><p id=\"caption-attachment-18106\" class=\"wp-caption-text\">ZF AK 6-90-5 B<\/p><\/div>\r\n\r\n<div id=\"attachment_18107\" style=\"width: 235px\" class=\"wp-caption alignnone\"><a href=\"https:\/\/www.homar.nl\/wp-content\/uploads\/2016\/03\/ZF-AK-6-90-5.jpg\" data-rel=\"lightbox-image-7\" data-rl_title=\"\" data-rl_caption=\"\" title=\"\"><img loading=\"lazy\" decoding=\"async\" aria-describedby=\"caption-attachment-18107\" class=\"wp-image-18107 size-medium\" src=\"https:\/\/www.homar.nl\/wp-content\/uploads\/2016\/03\/ZF-AK-6-90-5-225x300.jpg\" alt=\"\" width=\"225\" height=\"300\" srcset=\"https:\/\/www.homar.nl\/wp-content\/uploads\/2016\/03\/ZF-AK-6-90-5-225x300.jpg 225w, https:\/\/www.homar.nl\/wp-content\/uploads\/2016\/03\/ZF-AK-6-90-5-768x1024.jpg 768w, https:\/\/www.homar.nl\/wp-content\/uploads\/2016\/03\/ZF-AK-6-90-5-1152x1536.jpg 1152w, https:\/\/www.homar.nl\/wp-content\/uploads\/2016\/03\/ZF-AK-6-90-5-624x832.jpg 624w, https:\/\/www.homar.nl\/wp-content\/uploads\/2016\/03\/ZF-AK-6-90-5.jpg 1512w\" sizes=\"(max-width: 225px) 100vw, 225px\" \/><\/a><p id=\"caption-attachment-18107\" class=\"wp-caption-text\">ZF AK 6-90-5<\/p><\/div>\r\n\r\n<div id=\"attachment_18108\" style=\"width: 235px\" class=\"wp-caption alignnone\"><a href=\"https:\/\/www.homar.nl\/wp-content\/uploads\/2016\/03\/ZF-AK-6-90.jpg\" data-rel=\"lightbox-image-8\" data-rl_title=\"\" data-rl_caption=\"\" title=\"\"><img loading=\"lazy\" decoding=\"async\" aria-describedby=\"caption-attachment-18108\" class=\"wp-image-18108 size-medium\" src=\"https:\/\/www.homar.nl\/wp-content\/uploads\/2016\/03\/ZF-AK-6-90-225x300.jpg\" alt=\"\" width=\"225\" height=\"300\" srcset=\"https:\/\/www.homar.nl\/wp-content\/uploads\/2016\/03\/ZF-AK-6-90-225x300.jpg 225w, https:\/\/www.homar.nl\/wp-content\/uploads\/2016\/03\/ZF-AK-6-90-768x1024.jpg 768w, https:\/\/www.homar.nl\/wp-content\/uploads\/2016\/03\/ZF-AK-6-90-1152x1536.jpg 1152w, https:\/\/www.homar.nl\/wp-content\/uploads\/2016\/03\/ZF-AK-6-90-624x832.jpg 624w, https:\/\/www.homar.nl\/wp-content\/uploads\/2016\/03\/ZF-AK-6-90.jpg 1512w\" sizes=\"(max-width: 225px) 100vw, 225px\" \/><\/a><p id=\"caption-attachment-18108\" class=\"wp-caption-text\">ZF AK 6-90<\/p><\/div>\r\n\r\n<div id=\"attachment_18109\" style=\"width: 235px\" class=\"wp-caption alignnone\"><a href=\"https:\/\/www.homar.nl\/wp-content\/uploads\/2016\/03\/ZF-S-5-35-2.jpg\" data-rel=\"lightbox-image-9\" data-rl_title=\"\" data-rl_caption=\"\" title=\"\"><img loading=\"lazy\" decoding=\"async\" aria-describedby=\"caption-attachment-18109\" class=\"wp-image-18109 size-medium\" src=\"https:\/\/www.homar.nl\/wp-content\/uploads\/2016\/03\/ZF-S-5-35-2-225x300.jpg\" alt=\"\" width=\"225\" height=\"300\" srcset=\"https:\/\/www.homar.nl\/wp-content\/uploads\/2016\/03\/ZF-S-5-35-2-225x300.jpg 225w, https:\/\/www.homar.nl\/wp-content\/uploads\/2016\/03\/ZF-S-5-35-2-768x1024.jpg 768w, https:\/\/www.homar.nl\/wp-content\/uploads\/2016\/03\/ZF-S-5-35-2-1152x1536.jpg 1152w, https:\/\/www.homar.nl\/wp-content\/uploads\/2016\/03\/ZF-S-5-35-2-624x832.jpg 624w, https:\/\/www.homar.nl\/wp-content\/uploads\/2016\/03\/ZF-S-5-35-2.jpg 1512w\" sizes=\"(max-width: 225px) 100vw, 225px\" \/><\/a><p id=\"caption-attachment-18109\" class=\"wp-caption-text\">ZF S 5-35-2<\/p><\/div>\r\n\r\n<div id=\"attachment_18110\" style=\"width: 235px\" class=\"wp-caption alignnone\"><a href=\"https:\/\/www.homar.nl\/wp-content\/uploads\/2016\/03\/ZF-S-5-35.jpg\" data-rel=\"lightbox-image-10\" data-rl_title=\"\" data-rl_caption=\"\" title=\"\"><img loading=\"lazy\" decoding=\"async\" aria-describedby=\"caption-attachment-18110\" class=\"wp-image-18110 size-medium\" src=\"https:\/\/www.homar.nl\/wp-content\/uploads\/2016\/03\/ZF-S-5-35-225x300.jpg\" alt=\"\" width=\"225\" height=\"300\" srcset=\"https:\/\/www.homar.nl\/wp-content\/uploads\/2016\/03\/ZF-S-5-35-225x300.jpg 225w, https:\/\/www.homar.nl\/wp-content\/uploads\/2016\/03\/ZF-S-5-35-768x1024.jpg 768w, https:\/\/www.homar.nl\/wp-content\/uploads\/2016\/03\/ZF-S-5-35-1152x1536.jpg 1152w, https:\/\/www.homar.nl\/wp-content\/uploads\/2016\/03\/ZF-S-5-35-624x832.jpg 624w, https:\/\/www.homar.nl\/wp-content\/uploads\/2016\/03\/ZF-S-5-35.jpg 1512w\" sizes=\"(max-width: 225px) 100vw, 225px\" \/><\/a><p id=\"caption-attachment-18110\" class=\"wp-caption-text\">ZF S-5-35<\/p><\/div><\/div><div class='clear_column'><\/div>","protected":false},"excerpt":{"rendered":"","protected":false},"author":2,"featured_media":0,"parent":0,"menu_order":0,"comment_status":"closed","ping_status":"closed","template":"page-versnellingsbakken-template","meta":{"saved_in_kubio":true,"footnotes":""},"class_list":["post-32570","page","type-page","status-publish","hentry"],"featured_image_url":[],"post_author":"Homar B.V.","assigned_categories":"","mb":[],"kubio_ai_page_context":{"short_desc":"","purpose":"general"},"yoast_head":"<!-- This site is optimized with the Yoast SEO plugin v26.9 - https:\/\/yoast.com\/product\/yoast-seo-wordpress\/ -->\n<title>Versnellingsbakken | Homar B.V.<\/title>\n<meta name=\"robots\" content=\"index, follow, max-snippet:-1, max-image-preview:large, max-video-preview:-1\" \/>\n<link rel=\"canonical\" href=\"https:\/\/www.homar.nl\/tr\/sanzimanlar\/\" \/>\n<meta property=\"og:locale\" content=\"tr_TR\" \/>\n<meta property=\"og:type\" content=\"article\" \/>\n<meta property=\"og:title\" content=\"Versnellingsbakken | Homar B.V.\" \/>\n<meta property=\"og:url\" content=\"https:\/\/www.homar.nl\/tr\/sanzimanlar\/\" \/>\n<meta property=\"og:site_name\" content=\"Homar B.V.\" \/>\n<meta property=\"article:publisher\" content=\"https:\/\/www.facebook.com\/homarcranesworldwide\" \/>\n<meta property=\"article:modified_time\" content=\"2025-04-01T11:04:49+00:00\" \/>\n<meta property=\"og:image\" content=\"https:\/\/www.homar.nl\/wp-content\/uploads\/2016\/03\/Eaton-91281300323.jpg\" \/>\n\t<meta property=\"og:image:width\" content=\"1512\" \/>\n\t<meta property=\"og:image:height\" content=\"2016\" \/>\n\t<meta property=\"og:image:type\" content=\"image\/jpeg\" \/>\n<meta name=\"twitter:card\" content=\"summary_large_image\" \/>\n<meta name=\"twitter:label1\" content=\"Tahmini okuma s\u00fcresi\" \/>\n\t<meta name=\"twitter:data1\" content=\"1 dakika\" \/>\n<script type=\"application\/ld+json\" class=\"yoast-schema-graph\">{\"@context\":\"https:\/\/schema.org\",\"@graph\":[{\"@type\":\"WebPage\",\"@id\":\"https:\/\/www.homar.nl\/versnellingsbakken\/\",\"url\":\"https:\/\/www.homar.nl\/versnellingsbakken\/\",\"name\":\"Versnellingsbakken | Homar B.V.\",\"isPartOf\":{\"@id\":\"https:\/\/www.homar.nl\/#website\"},\"primaryImageOfPage\":{\"@id\":\"https:\/\/www.homar.nl\/versnellingsbakken\/#primaryimage\"},\"image\":{\"@id\":\"https:\/\/www.homar.nl\/versnellingsbakken\/#primaryimage\"},\"thumbnailUrl\":\"https:\/\/www.homar.nl\/wp-content\/uploads\/2016\/03\/Eaton-91281300323-225x300.jpg\",\"datePublished\":\"2025-03-24T09:55:11+00:00\",\"dateModified\":\"2025-04-01T11:04:49+00:00\",\"breadcrumb\":{\"@id\":\"https:\/\/www.homar.nl\/versnellingsbakken\/#breadcrumb\"},\"inLanguage\":\"tr\",\"potentialAction\":[{\"@type\":\"ReadAction\",\"target\":[\"https:\/\/www.homar.nl\/versnellingsbakken\/\"]}]},{\"@type\":\"ImageObject\",\"inLanguage\":\"tr\",\"@id\":\"https:\/\/www.homar.nl\/versnellingsbakken\/#primaryimage\",\"url\":\"https:\/\/www.homar.nl\/wp-content\/uploads\/2016\/03\/Eaton-91281300323-225x300.jpg\",\"contentUrl\":\"https:\/\/www.homar.nl\/wp-content\/uploads\/2016\/03\/Eaton-91281300323-225x300.jpg\"},{\"@type\":\"BreadcrumbList\",\"@id\":\"https:\/\/www.homar.nl\/versnellingsbakken\/#breadcrumb\",\"itemListElement\":[{\"@type\":\"ListItem\",\"position\":1,\"name\":\"Home\",\"item\":\"https:\/\/www.homar.nl\/\"},{\"@type\":\"ListItem\",\"position\":2,\"name\":\"Versnellingsbakken\"}]},{\"@type\":\"WebSite\",\"@id\":\"https:\/\/www.homar.nl\/#website\",\"url\":\"https:\/\/www.homar.nl\/\",\"name\":\"Homar B.V.\",\"description\":\"Cranes Worldwide\",\"publisher\":{\"@id\":\"https:\/\/www.homar.nl\/#organization\"},\"potentialAction\":[{\"@type\":\"SearchAction\",\"target\":{\"@type\":\"EntryPoint\",\"urlTemplate\":\"https:\/\/www.homar.nl\/?s={search_term_string}\"},\"query-input\":{\"@type\":\"PropertyValueSpecification\",\"valueRequired\":true,\"valueName\":\"search_term_string\"}}],\"inLanguage\":\"tr\"},{\"@type\":\"Organization\",\"@id\":\"https:\/\/www.homar.nl\/#organization\",\"name\":\"Homar B.V.\",\"url\":\"https:\/\/www.homar.nl\/\",\"logo\":{\"@type\":\"ImageObject\",\"inLanguage\":\"tr\",\"@id\":\"https:\/\/www.homar.nl\/#\/schema\/logo\/image\/\",\"url\":\"https:\/\/www.homar.nl\/wp-content\/uploads\/2025\/01\/cropped-Logo-Homar-middel.png\",\"contentUrl\":\"https:\/\/www.homar.nl\/wp-content\/uploads\/2025\/01\/cropped-Logo-Homar-middel.png\",\"width\":205,\"height\":138,\"caption\":\"Homar B.V.\"},\"image\":{\"@id\":\"https:\/\/www.homar.nl\/#\/schema\/logo\/image\/\"},\"sameAs\":[\"https:\/\/www.facebook.com\/homarcranesworldwide\"]}]}<\/script>\n<!-- \/ Yoast SEO plugin. -->","yoast_head_json":{"title":"Versnellingsbakken | Homar B.V.","robots":{"index":"index","follow":"follow","max-snippet":"max-snippet:-1","max-image-preview":"max-image-preview:large","max-video-preview":"max-video-preview:-1"},"canonical":"https:\/\/www.homar.nl\/tr\/sanzimanlar\/","og_locale":"tr_TR","og_type":"article","og_title":"Versnellingsbakken | Homar B.V.","og_url":"https:\/\/www.homar.nl\/tr\/sanzimanlar\/","og_site_name":"Homar B.V.","article_publisher":"https:\/\/www.facebook.com\/homarcranesworldwide","article_modified_time":"2025-04-01T11:04:49+00:00","og_image":[{"width":1512,"height":2016,"url":"https:\/\/www.homar.nl\/wp-content\/uploads\/2016\/03\/Eaton-91281300323.jpg","type":"image\/jpeg"}],"twitter_card":"summary_large_image","twitter_misc":{"Tahmini okuma s\u00fcresi":"1 dakika"},"schema":{"@context":"https:\/\/schema.org","@graph":[{"@type":"WebPage","@id":"https:\/\/www.homar.nl\/versnellingsbakken\/","url":"https:\/\/www.homar.nl\/versnellingsbakken\/","name":"Versnellingsbakken | Homar B.V.","isPartOf":{"@id":"https:\/\/www.homar.nl\/#website"},"primaryImageOfPage":{"@id":"https:\/\/www.homar.nl\/versnellingsbakken\/#primaryimage"},"image":{"@id":"https:\/\/www.homar.nl\/versnellingsbakken\/#primaryimage"},"thumbnailUrl":"https:\/\/www.homar.nl\/wp-content\/uploads\/2016\/03\/Eaton-91281300323-225x300.jpg","datePublished":"2025-03-24T09:55:11+00:00","dateModified":"2025-04-01T11:04:49+00:00","breadcrumb":{"@id":"https:\/\/www.homar.nl\/versnellingsbakken\/#breadcrumb"},"inLanguage":"tr","potentialAction":[{"@type":"ReadAction","target":["https:\/\/www.homar.nl\/versnellingsbakken\/"]}]},{"@type":"ImageObject","inLanguage":"tr","@id":"https:\/\/www.homar.nl\/versnellingsbakken\/#primaryimage","url":"https:\/\/www.homar.nl\/wp-content\/uploads\/2016\/03\/Eaton-91281300323-225x300.jpg","contentUrl":"https:\/\/www.homar.nl\/wp-content\/uploads\/2016\/03\/Eaton-91281300323-225x300.jpg"},{"@type":"BreadcrumbList","@id":"https:\/\/www.homar.nl\/versnellingsbakken\/#breadcrumb","itemListElement":[{"@type":"ListItem","position":1,"name":"Home","item":"https:\/\/www.homar.nl\/"},{"@type":"ListItem","position":2,"name":"Versnellingsbakken"}]},{"@type":"WebSite","@id":"https:\/\/www.homar.nl\/#website","url":"https:\/\/www.homar.nl\/","name":"Homar B.V.","description":"D\u00fcnya \u00c7ap\u0131nda Vin\u00e7ler","publisher":{"@id":"https:\/\/www.homar.nl\/#organization"},"potentialAction":[{"@type":"SearchAction","target":{"@type":"EntryPoint","urlTemplate":"https:\/\/www.homar.nl\/?s={search_term_string}"},"query-input":{"@type":"PropertyValueSpecification","valueRequired":true,"valueName":"search_term_string"}}],"inLanguage":"tr"},{"@type":"Organization","@id":"https:\/\/www.homar.nl\/#organization","name":"Homar B.V.","url":"https:\/\/www.homar.nl\/","logo":{"@type":"ImageObject","inLanguage":"tr","@id":"https:\/\/www.homar.nl\/#\/schema\/logo\/image\/","url":"https:\/\/www.homar.nl\/wp-content\/uploads\/2025\/01\/cropped-Logo-Homar-middel.png","contentUrl":"https:\/\/www.homar.nl\/wp-content\/uploads\/2025\/01\/cropped-Logo-Homar-middel.png","width":205,"height":138,"caption":"Homar B.V."},"image":{"@id":"https:\/\/www.homar.nl\/#\/schema\/logo\/image\/"},"sameAs":["https:\/\/www.facebook.com\/homarcranesworldwide"]}]}},"mfb_rest_fields":["title","featured_image_url","post_author","assigned_categories","kubio_ai_page_context","yoast_head","yoast_head_json","gutenberg_elementor_mode"],"_links":{"self":[{"href":"https:\/\/www.homar.nl\/tr\/wp-json\/wp\/v2\/pages\/32570","targetHints":{"allow":["GET"]}}],"collection":[{"href":"https:\/\/www.homar.nl\/tr\/wp-json\/wp\/v2\/pages"}],"about":[{"href":"https:\/\/www.homar.nl\/tr\/wp-json\/wp\/v2\/types\/page"}],"author":[{"embeddable":true,"href":"https:\/\/www.homar.nl\/tr\/wp-json\/wp\/v2\/users\/2"}],"replies":[{"embeddable":true,"href":"https:\/\/www.homar.nl\/tr\/wp-json\/wp\/v2\/comments?post=32570"}],"version-history":[{"count":0,"href":"https:\/\/www.homar.nl\/tr\/wp-json\/wp\/v2\/pages\/32570\/revisions"}],"wp:attachment":[{"href":"https:\/\/www.homar.nl\/tr\/wp-json\/wp\/v2\/media?parent=32570"}],"curies":[{"name":"wp","href":"https:\/\/api.w.org\/{rel}","templated":true}]}}