{"id":32502,"date":"2025-03-24T09:08:53","date_gmt":"2025-03-24T09:08:53","guid":{"rendered":"https:\/\/www.homar.nl\/runners\/"},"modified":"2025-04-01T10:53:51","modified_gmt":"2025-04-01T10:53:51","slug":"kosucular","status":"publish","type":"page","link":"https:\/\/www.homar.nl\/tr\/kosucular\/","title":{"rendered":"Ko\u015fucular"},"content":{"rendered":"<div class='content-column one_half'><p><div id=\"attachment_24311\" style=\"width: 235px\" class=\"wp-caption alignnone\"><a href=\"https:\/\/www.homar.nl\/wp-content\/uploads\/2016\/03\/Terex-Demag-AC-50-1.jpg\" data-rel=\"lightbox-image-0\" data-rl_title=\"\" data-rl_caption=\"\" title=\"\"><img fetchpriority=\"high\" decoding=\"async\" aria-describedby=\"caption-attachment-24311\" class=\"size-medium wp-image-24311\" src=\"https:\/\/www.homar.nl\/wp-content\/uploads\/2016\/03\/Terex-Demag-AC-50-1-225x300.jpg\" alt=\"\" width=\"225\" height=\"300\" srcset=\"https:\/\/www.homar.nl\/wp-content\/uploads\/2016\/03\/Terex-Demag-AC-50-1-225x300.jpg 225w, https:\/\/www.homar.nl\/wp-content\/uploads\/2016\/03\/Terex-Demag-AC-50-1-768x1024.jpg 768w, https:\/\/www.homar.nl\/wp-content\/uploads\/2016\/03\/Terex-Demag-AC-50-1-1152x1536.jpg 1152w, https:\/\/www.homar.nl\/wp-content\/uploads\/2016\/03\/Terex-Demag-AC-50-1-624x832.jpg 624w, https:\/\/www.homar.nl\/wp-content\/uploads\/2016\/03\/Terex-Demag-AC-50-1.jpg 1512w\" sizes=\"(max-width: 225px) 100vw, 225px\" \/><\/a><p id=\"caption-attachment-24311\" class=\"wp-caption-text\">Terex Demag AC 50-1<\/p><\/div><br \/>\n<div id=\"attachment_24309\" style=\"width: 235px\" class=\"wp-caption alignnone\"><a href=\"https:\/\/www.homar.nl\/wp-content\/uploads\/2016\/03\/Liebherr-LTM-1055-3.1.jpg\" data-rel=\"lightbox-image-1\" data-rl_title=\"\" data-rl_caption=\"\" title=\"\"><img decoding=\"async\" aria-describedby=\"caption-attachment-24309\" class=\"size-medium wp-image-24309\" src=\"https:\/\/www.homar.nl\/wp-content\/uploads\/2016\/03\/Liebherr-LTM-1055-3.1-225x300.jpg\" alt=\"\" width=\"225\" height=\"300\" srcset=\"https:\/\/www.homar.nl\/wp-content\/uploads\/2016\/03\/Liebherr-LTM-1055-3.1-225x300.jpg 225w, https:\/\/www.homar.nl\/wp-content\/uploads\/2016\/03\/Liebherr-LTM-1055-3.1-768x1024.jpg 768w, https:\/\/www.homar.nl\/wp-content\/uploads\/2016\/03\/Liebherr-LTM-1055-3.1-1152x1536.jpg 1152w, https:\/\/www.homar.nl\/wp-content\/uploads\/2016\/03\/Liebherr-LTM-1055-3.1-624x832.jpg 624w, https:\/\/www.homar.nl\/wp-content\/uploads\/2016\/03\/Liebherr-LTM-1055-3.1.jpg 1512w\" sizes=\"(max-width: 225px) 100vw, 225px\" \/><\/a><p id=\"caption-attachment-24309\" class=\"wp-caption-text\">Liebherr LTM 1055 3.1<\/p><\/div><br \/>\n<div id=\"attachment_18579\" style=\"width: 235px\" class=\"wp-caption alignnone\"><a href=\"https:\/\/www.homar.nl\/wp-content\/uploads\/2021\/09\/Grove-GMK-5220.jpg\" data-rel=\"lightbox-image-2\" data-rl_title=\"\" data-rl_caption=\"\" title=\"\"><img decoding=\"async\" aria-describedby=\"caption-attachment-18579\" class=\"wp-image-18579 size-medium\" src=\"https:\/\/www.homar.nl\/wp-content\/uploads\/2021\/09\/Grove-GMK-5220-225x300.jpg\" alt=\"\" width=\"225\" height=\"300\" srcset=\"https:\/\/www.homar.nl\/wp-content\/uploads\/2021\/09\/Grove-GMK-5220-225x300.jpg 225w, https:\/\/www.homar.nl\/wp-content\/uploads\/2021\/09\/Grove-GMK-5220-768x1024.jpg 768w, https:\/\/www.homar.nl\/wp-content\/uploads\/2021\/09\/Grove-GMK-5220-1152x1536.jpg 1152w, https:\/\/www.homar.nl\/wp-content\/uploads\/2021\/09\/Grove-GMK-5220-624x832.jpg 624w, https:\/\/www.homar.nl\/wp-content\/uploads\/2021\/09\/Grove-GMK-5220.jpg 1512w\" sizes=\"(max-width: 225px) 100vw, 225px\" \/><\/a><p id=\"caption-attachment-18579\" class=\"wp-caption-text\">Grove GMK 5220<\/p><\/div><br \/>\n<div id=\"attachment_18580\" style=\"width: 235px\" class=\"wp-caption alignnone\"><a href=\"https:\/\/www.homar.nl\/wp-content\/uploads\/2021\/09\/Liebherr-LTM-1060-2.jpg\" data-rel=\"lightbox-image-3\" data-rl_title=\"\" data-rl_caption=\"\" title=\"\"><img loading=\"lazy\" decoding=\"async\" aria-describedby=\"caption-attachment-18580\" class=\"wp-image-18580 size-medium\" src=\"https:\/\/www.homar.nl\/wp-content\/uploads\/2021\/09\/Liebherr-LTM-1060-2-225x300.jpg\" alt=\"\" width=\"225\" height=\"300\" srcset=\"https:\/\/www.homar.nl\/wp-content\/uploads\/2021\/09\/Liebherr-LTM-1060-2-225x300.jpg 225w, https:\/\/www.homar.nl\/wp-content\/uploads\/2021\/09\/Liebherr-LTM-1060-2-768x1024.jpg 768w, https:\/\/www.homar.nl\/wp-content\/uploads\/2021\/09\/Liebherr-LTM-1060-2-1152x1536.jpg 1152w, https:\/\/www.homar.nl\/wp-content\/uploads\/2021\/09\/Liebherr-LTM-1060-2-624x832.jpg 624w, https:\/\/www.homar.nl\/wp-content\/uploads\/2021\/09\/Liebherr-LTM-1060-2.jpg 1512w\" sizes=\"(max-width: 225px) 100vw, 225px\" \/><\/a><p id=\"caption-attachment-18580\" class=\"wp-caption-text\">Liebherr LTM 1060-2<\/p><\/div><\/p><\/div>\n<div class='content-column one_half last_column'><p><div id=\"attachment_18590\" style=\"width: 235px\" class=\"wp-caption alignnone\"><a href=\"https:\/\/www.homar.nl\/wp-content\/uploads\/2021\/09\/Terex-Demag-AC-50-1-2-stuks.jpg\" data-rel=\"lightbox-image-4\" data-rl_title=\"\" data-rl_caption=\"\" title=\"\"><img loading=\"lazy\" decoding=\"async\" aria-describedby=\"caption-attachment-18590\" class=\"size-medium wp-image-18590\" src=\"https:\/\/www.homar.nl\/wp-content\/uploads\/2021\/09\/Terex-Demag-AC-50-1-2-stuks-225x300.jpg\" alt=\"\" width=\"225\" height=\"300\" srcset=\"https:\/\/www.homar.nl\/wp-content\/uploads\/2021\/09\/Terex-Demag-AC-50-1-2-stuks-225x300.jpg 225w, https:\/\/www.homar.nl\/wp-content\/uploads\/2021\/09\/Terex-Demag-AC-50-1-2-stuks-768x1024.jpg 768w, https:\/\/www.homar.nl\/wp-content\/uploads\/2021\/09\/Terex-Demag-AC-50-1-2-stuks-1152x1536.jpg 1152w, https:\/\/www.homar.nl\/wp-content\/uploads\/2021\/09\/Terex-Demag-AC-50-1-2-stuks-624x832.jpg 624w, https:\/\/www.homar.nl\/wp-content\/uploads\/2021\/09\/Terex-Demag-AC-50-1-2-stuks.jpg 1512w\" sizes=\"(max-width: 225px) 100vw, 225px\" \/><\/a><p id=\"caption-attachment-18590\" class=\"wp-caption-text\">Terex-Demag AC 50-1 3 pieces<\/p><\/div><br \/>\n<div id=\"attachment_22967\" style=\"width: 235px\" class=\"wp-caption alignnone\"><a href=\"https:\/\/www.homar.nl\/wp-content\/uploads\/2023\/06\/Grove.jpg\" data-rel=\"lightbox-image-5\" data-rl_title=\"\" data-rl_caption=\"\" title=\"\"><img loading=\"lazy\" decoding=\"async\" aria-describedby=\"caption-attachment-22967\" class=\"size-medium wp-image-22967\" src=\"https:\/\/www.homar.nl\/wp-content\/uploads\/2023\/06\/Grove-225x300.jpg\" alt=\"\" width=\"225\" height=\"300\" srcset=\"https:\/\/www.homar.nl\/wp-content\/uploads\/2023\/06\/Grove-225x300.jpg 225w, https:\/\/www.homar.nl\/wp-content\/uploads\/2023\/06\/Grove-768x1024.jpg 768w, https:\/\/www.homar.nl\/wp-content\/uploads\/2023\/06\/Grove-1152x1536.jpg 1152w, https:\/\/www.homar.nl\/wp-content\/uploads\/2023\/06\/Grove-624x832.jpg 624w, https:\/\/www.homar.nl\/wp-content\/uploads\/2023\/06\/Grove.jpg 1512w\" sizes=\"(max-width: 225px) 100vw, 225px\" \/><\/a><p id=\"caption-attachment-22967\" class=\"wp-caption-text\">Kaba<\/p><\/div><br \/>\n<div id=\"attachment_27700\" style=\"width: 235px\" class=\"wp-caption alignnone\"><a href=\"https:\/\/www.homar.nl\/wp-content\/uploads\/2020\/09\/thumbnail_IMG_5811.jpg\" data-rel=\"lightbox-image-6\" data-rl_title=\"\" data-rl_caption=\"\" title=\"\"><img loading=\"lazy\" decoding=\"async\" aria-describedby=\"caption-attachment-27700\" class=\"wp-image-27700 size-medium\" src=\"https:\/\/www.homar.nl\/wp-content\/uploads\/2020\/09\/thumbnail_IMG_5811-225x300.jpg\" alt=\"Tadano Faun ATF 220G-5\" width=\"225\" height=\"300\" srcset=\"https:\/\/www.homar.nl\/wp-content\/uploads\/2020\/09\/thumbnail_IMG_5811-225x300.jpg 225w, https:\/\/www.homar.nl\/wp-content\/uploads\/2020\/09\/thumbnail_IMG_5811-768x1024.jpg 768w, https:\/\/www.homar.nl\/wp-content\/uploads\/2020\/09\/thumbnail_IMG_5811-1152x1536.jpg 1152w, https:\/\/www.homar.nl\/wp-content\/uploads\/2020\/09\/thumbnail_IMG_5811-624x832.jpg 624w, https:\/\/www.homar.nl\/wp-content\/uploads\/2020\/09\/thumbnail_IMG_5811.jpg 1440w\" sizes=\"(max-width: 225px) 100vw, 225px\" \/><\/a><p id=\"caption-attachment-27700\" class=\"wp-caption-text\">Tadano Faun ATF 220G-5<\/p><\/div><\/p><\/div><div class='clear_column'><\/div>","protected":false},"excerpt":{"rendered":"","protected":false},"author":2,"featured_media":0,"parent":0,"menu_order":0,"comment_status":"closed","ping_status":"closed","template":"page-runners-template","meta":{"saved_in_kubio":true,"footnotes":""},"class_list":["post-32502","page","type-page","status-publish","hentry"],"featured_image_url":[],"post_author":"Homar B.V.","assigned_categories":"","mb":[],"kubio_ai_page_context":{"short_desc":"","purpose":"general"},"yoast_head":"<!-- This site is optimized with the Yoast SEO plugin v26.9 - https:\/\/yoast.com\/product\/yoast-seo-wordpress\/ -->\n<title>Runners | Homar B.V.<\/title>\n<meta name=\"robots\" content=\"index, follow, max-snippet:-1, max-image-preview:large, max-video-preview:-1\" \/>\n<link rel=\"canonical\" href=\"https:\/\/www.homar.nl\/tr\/kosucular\/\" \/>\n<meta property=\"og:locale\" content=\"tr_TR\" \/>\n<meta property=\"og:type\" content=\"article\" \/>\n<meta property=\"og:title\" content=\"Runners | Homar B.V.\" \/>\n<meta property=\"og:url\" content=\"https:\/\/www.homar.nl\/tr\/kosucular\/\" \/>\n<meta property=\"og:site_name\" content=\"Homar B.V.\" \/>\n<meta property=\"article:publisher\" content=\"https:\/\/www.facebook.com\/homarcranesworldwide\" \/>\n<meta property=\"article:modified_time\" content=\"2025-04-01T10:53:51+00:00\" \/>\n<meta property=\"og:image\" content=\"https:\/\/www.homar.nl\/wp-content\/uploads\/2016\/03\/Terex-Demag-AC-50-1.jpg\" \/>\n\t<meta property=\"og:image:width\" content=\"1512\" \/>\n\t<meta property=\"og:image:height\" content=\"2016\" \/>\n\t<meta property=\"og:image:type\" content=\"image\/jpeg\" \/>\n<meta name=\"twitter:card\" content=\"summary_large_image\" \/>\n<script type=\"application\/ld+json\" class=\"yoast-schema-graph\">{\"@context\":\"https:\/\/schema.org\",\"@graph\":[{\"@type\":\"WebPage\",\"@id\":\"https:\/\/www.homar.nl\/runners\/\",\"url\":\"https:\/\/www.homar.nl\/runners\/\",\"name\":\"Runners | Homar B.V.\",\"isPartOf\":{\"@id\":\"https:\/\/www.homar.nl\/#website\"},\"primaryImageOfPage\":{\"@id\":\"https:\/\/www.homar.nl\/runners\/#primaryimage\"},\"image\":{\"@id\":\"https:\/\/www.homar.nl\/runners\/#primaryimage\"},\"thumbnailUrl\":\"https:\/\/www.homar.nl\/wp-content\/uploads\/2016\/03\/Terex-Demag-AC-50-1-225x300.jpg\",\"datePublished\":\"2025-03-24T09:08:53+00:00\",\"dateModified\":\"2025-04-01T10:53:51+00:00\",\"breadcrumb\":{\"@id\":\"https:\/\/www.homar.nl\/runners\/#breadcrumb\"},\"inLanguage\":\"tr\",\"potentialAction\":[{\"@type\":\"ReadAction\",\"target\":[\"https:\/\/www.homar.nl\/runners\/\"]}]},{\"@type\":\"ImageObject\",\"inLanguage\":\"tr\",\"@id\":\"https:\/\/www.homar.nl\/runners\/#primaryimage\",\"url\":\"https:\/\/www.homar.nl\/wp-content\/uploads\/2016\/03\/Terex-Demag-AC-50-1-225x300.jpg\",\"contentUrl\":\"https:\/\/www.homar.nl\/wp-content\/uploads\/2016\/03\/Terex-Demag-AC-50-1-225x300.jpg\"},{\"@type\":\"BreadcrumbList\",\"@id\":\"https:\/\/www.homar.nl\/runners\/#breadcrumb\",\"itemListElement\":[{\"@type\":\"ListItem\",\"position\":1,\"name\":\"Home\",\"item\":\"https:\/\/www.homar.nl\/\"},{\"@type\":\"ListItem\",\"position\":2,\"name\":\"Runners\"}]},{\"@type\":\"WebSite\",\"@id\":\"https:\/\/www.homar.nl\/#website\",\"url\":\"https:\/\/www.homar.nl\/\",\"name\":\"Homar B.V.\",\"description\":\"Cranes Worldwide\",\"publisher\":{\"@id\":\"https:\/\/www.homar.nl\/#organization\"},\"potentialAction\":[{\"@type\":\"SearchAction\",\"target\":{\"@type\":\"EntryPoint\",\"urlTemplate\":\"https:\/\/www.homar.nl\/?s={search_term_string}\"},\"query-input\":{\"@type\":\"PropertyValueSpecification\",\"valueRequired\":true,\"valueName\":\"search_term_string\"}}],\"inLanguage\":\"tr\"},{\"@type\":\"Organization\",\"@id\":\"https:\/\/www.homar.nl\/#organization\",\"name\":\"Homar B.V.\",\"url\":\"https:\/\/www.homar.nl\/\",\"logo\":{\"@type\":\"ImageObject\",\"inLanguage\":\"tr\",\"@id\":\"https:\/\/www.homar.nl\/#\/schema\/logo\/image\/\",\"url\":\"https:\/\/www.homar.nl\/wp-content\/uploads\/2025\/01\/cropped-Logo-Homar-middel.png\",\"contentUrl\":\"https:\/\/www.homar.nl\/wp-content\/uploads\/2025\/01\/cropped-Logo-Homar-middel.png\",\"width\":205,\"height\":138,\"caption\":\"Homar B.V.\"},\"image\":{\"@id\":\"https:\/\/www.homar.nl\/#\/schema\/logo\/image\/\"},\"sameAs\":[\"https:\/\/www.facebook.com\/homarcranesworldwide\"]}]}<\/script>\n<!-- \/ Yoast SEO plugin. -->","yoast_head_json":{"title":"Runners | Homar B.V.","robots":{"index":"index","follow":"follow","max-snippet":"max-snippet:-1","max-image-preview":"max-image-preview:large","max-video-preview":"max-video-preview:-1"},"canonical":"https:\/\/www.homar.nl\/tr\/kosucular\/","og_locale":"tr_TR","og_type":"article","og_title":"Runners | Homar B.V.","og_url":"https:\/\/www.homar.nl\/tr\/kosucular\/","og_site_name":"Homar B.V.","article_publisher":"https:\/\/www.facebook.com\/homarcranesworldwide","article_modified_time":"2025-04-01T10:53:51+00:00","og_image":[{"width":1512,"height":2016,"url":"https:\/\/www.homar.nl\/wp-content\/uploads\/2016\/03\/Terex-Demag-AC-50-1.jpg","type":"image\/jpeg"}],"twitter_card":"summary_large_image","schema":{"@context":"https:\/\/schema.org","@graph":[{"@type":"WebPage","@id":"https:\/\/www.homar.nl\/runners\/","url":"https:\/\/www.homar.nl\/runners\/","name":"Runners | Homar B.V.","isPartOf":{"@id":"https:\/\/www.homar.nl\/#website"},"primaryImageOfPage":{"@id":"https:\/\/www.homar.nl\/runners\/#primaryimage"},"image":{"@id":"https:\/\/www.homar.nl\/runners\/#primaryimage"},"thumbnailUrl":"https:\/\/www.homar.nl\/wp-content\/uploads\/2016\/03\/Terex-Demag-AC-50-1-225x300.jpg","datePublished":"2025-03-24T09:08:53+00:00","dateModified":"2025-04-01T10:53:51+00:00","breadcrumb":{"@id":"https:\/\/www.homar.nl\/runners\/#breadcrumb"},"inLanguage":"tr","potentialAction":[{"@type":"ReadAction","target":["https:\/\/www.homar.nl\/runners\/"]}]},{"@type":"ImageObject","inLanguage":"tr","@id":"https:\/\/www.homar.nl\/runners\/#primaryimage","url":"https:\/\/www.homar.nl\/wp-content\/uploads\/2016\/03\/Terex-Demag-AC-50-1-225x300.jpg","contentUrl":"https:\/\/www.homar.nl\/wp-content\/uploads\/2016\/03\/Terex-Demag-AC-50-1-225x300.jpg"},{"@type":"BreadcrumbList","@id":"https:\/\/www.homar.nl\/runners\/#breadcrumb","itemListElement":[{"@type":"ListItem","position":1,"name":"Home","item":"https:\/\/www.homar.nl\/"},{"@type":"ListItem","position":2,"name":"Runners"}]},{"@type":"WebSite","@id":"https:\/\/www.homar.nl\/#website","url":"https:\/\/www.homar.nl\/","name":"Homar B.V.","description":"D\u00fcnya \u00c7ap\u0131nda Vin\u00e7ler","publisher":{"@id":"https:\/\/www.homar.nl\/#organization"},"potentialAction":[{"@type":"SearchAction","target":{"@type":"EntryPoint","urlTemplate":"https:\/\/www.homar.nl\/?s={search_term_string}"},"query-input":{"@type":"PropertyValueSpecification","valueRequired":true,"valueName":"search_term_string"}}],"inLanguage":"tr"},{"@type":"Organization","@id":"https:\/\/www.homar.nl\/#organization","name":"Homar B.V.","url":"https:\/\/www.homar.nl\/","logo":{"@type":"ImageObject","inLanguage":"tr","@id":"https:\/\/www.homar.nl\/#\/schema\/logo\/image\/","url":"https:\/\/www.homar.nl\/wp-content\/uploads\/2025\/01\/cropped-Logo-Homar-middel.png","contentUrl":"https:\/\/www.homar.nl\/wp-content\/uploads\/2025\/01\/cropped-Logo-Homar-middel.png","width":205,"height":138,"caption":"Homar B.V."},"image":{"@id":"https:\/\/www.homar.nl\/#\/schema\/logo\/image\/"},"sameAs":["https:\/\/www.facebook.com\/homarcranesworldwide"]}]}},"mfb_rest_fields":["title","featured_image_url","post_author","assigned_categories","kubio_ai_page_context","yoast_head","yoast_head_json","gutenberg_elementor_mode"],"_links":{"self":[{"href":"https:\/\/www.homar.nl\/tr\/wp-json\/wp\/v2\/pages\/32502","targetHints":{"allow":["GET"]}}],"collection":[{"href":"https:\/\/www.homar.nl\/tr\/wp-json\/wp\/v2\/pages"}],"about":[{"href":"https:\/\/www.homar.nl\/tr\/wp-json\/wp\/v2\/types\/page"}],"author":[{"embeddable":true,"href":"https:\/\/www.homar.nl\/tr\/wp-json\/wp\/v2\/users\/2"}],"replies":[{"embeddable":true,"href":"https:\/\/www.homar.nl\/tr\/wp-json\/wp\/v2\/comments?post=32502"}],"version-history":[{"count":0,"href":"https:\/\/www.homar.nl\/tr\/wp-json\/wp\/v2\/pages\/32502\/revisions"}],"wp:attachment":[{"href":"https:\/\/www.homar.nl\/tr\/wp-json\/wp\/v2\/media?parent=32502"}],"curies":[{"name":"wp","href":"https:\/\/api.w.org\/{rel}","templated":true}]}}