{"id":32499,"date":"2025-03-24T09:07:51","date_gmt":"2025-03-24T09:07:51","guid":{"rendered":"https:\/\/www.homar.nl\/rotors\/"},"modified":"2025-04-01T10:52:43","modified_gmt":"2025-04-01T10:52:43","slug":"rotorlar","status":"publish","type":"page","link":"https:\/\/www.homar.nl\/tr\/rotorlar\/","title":{"rendered":"Rotorlar"},"content":{"rendered":"<div id=\"attachment_25450\" style=\"width: 235px\" class=\"wp-caption alignnone\"><a href=\"https:\/\/www.homar.nl\/wp-content\/uploads\/2024\/03\/Rotor-PPM-4-stuks.jpg\" data-rel=\"lightbox-image-0\" data-rl_title=\"\" data-rl_caption=\"\" title=\"\"><img fetchpriority=\"high\" decoding=\"async\" aria-describedby=\"caption-attachment-25450\" class=\"size-medium wp-image-25450\" src=\"https:\/\/www.homar.nl\/wp-content\/uploads\/2024\/03\/Rotor-PPM-4-stuks-225x300.jpg\" alt=\"\" width=\"225\" height=\"300\" srcset=\"https:\/\/www.homar.nl\/wp-content\/uploads\/2024\/03\/Rotor-PPM-4-stuks-225x300.jpg 225w, https:\/\/www.homar.nl\/wp-content\/uploads\/2024\/03\/Rotor-PPM-4-stuks-768x1024.jpg 768w, https:\/\/www.homar.nl\/wp-content\/uploads\/2024\/03\/Rotor-PPM-4-stuks-1152x1536.jpg 1152w, https:\/\/www.homar.nl\/wp-content\/uploads\/2024\/03\/Rotor-PPM-4-stuks-624x832.jpg 624w, https:\/\/www.homar.nl\/wp-content\/uploads\/2024\/03\/Rotor-PPM-4-stuks.jpg 1512w\" sizes=\"(max-width: 225px) 100vw, 225px\" \/><\/a><p id=\"caption-attachment-25450\" class=\"wp-caption-text\">Rotor PPM 4 adet<\/p><\/div>","protected":false},"excerpt":{"rendered":"","protected":false},"author":2,"featured_media":0,"parent":0,"menu_order":0,"comment_status":"closed","ping_status":"closed","template":"page-rotors-template","meta":{"saved_in_kubio":true,"footnotes":""},"class_list":["post-32499","page","type-page","status-publish","hentry"],"featured_image_url":[],"post_author":"Homar B.V.","assigned_categories":"","mb":[],"kubio_ai_page_context":{"short_desc":"","purpose":"general"},"yoast_head":"<!-- This site is optimized with the Yoast SEO plugin v26.9 - https:\/\/yoast.com\/product\/yoast-seo-wordpress\/ -->\n<title>Rotors | Homar B.V.<\/title>\n<meta name=\"robots\" content=\"index, follow, max-snippet:-1, max-image-preview:large, max-video-preview:-1\" \/>\n<link rel=\"canonical\" href=\"https:\/\/www.homar.nl\/tr\/rotorlar\/\" \/>\n<meta property=\"og:locale\" content=\"tr_TR\" \/>\n<meta property=\"og:type\" content=\"article\" \/>\n<meta property=\"og:title\" content=\"Rotors | Homar B.V.\" \/>\n<meta property=\"og:url\" content=\"https:\/\/www.homar.nl\/tr\/rotorlar\/\" \/>\n<meta property=\"og:site_name\" content=\"Homar B.V.\" \/>\n<meta property=\"article:publisher\" content=\"https:\/\/www.facebook.com\/homarcranesworldwide\" \/>\n<meta property=\"article:modified_time\" content=\"2025-04-01T10:52:43+00:00\" \/>\n<meta property=\"og:image\" content=\"https:\/\/www.homar.nl\/wp-content\/uploads\/2024\/03\/Rotor-PPM-4-stuks.jpg\" \/>\n\t<meta property=\"og:image:width\" content=\"1512\" \/>\n\t<meta property=\"og:image:height\" content=\"2016\" \/>\n\t<meta property=\"og:image:type\" content=\"image\/jpeg\" \/>\n<meta name=\"twitter:card\" content=\"summary_large_image\" \/>\n<script type=\"application\/ld+json\" class=\"yoast-schema-graph\">{\"@context\":\"https:\/\/schema.org\",\"@graph\":[{\"@type\":\"WebPage\",\"@id\":\"https:\/\/www.homar.nl\/rotors\/\",\"url\":\"https:\/\/www.homar.nl\/rotors\/\",\"name\":\"Rotors | Homar B.V.\",\"isPartOf\":{\"@id\":\"https:\/\/www.homar.nl\/#website\"},\"primaryImageOfPage\":{\"@id\":\"https:\/\/www.homar.nl\/rotors\/#primaryimage\"},\"image\":{\"@id\":\"https:\/\/www.homar.nl\/rotors\/#primaryimage\"},\"thumbnailUrl\":\"https:\/\/www.homar.nl\/wp-content\/uploads\/2024\/03\/Rotor-PPM-4-stuks-225x300.jpg\",\"datePublished\":\"2025-03-24T09:07:51+00:00\",\"dateModified\":\"2025-04-01T10:52:43+00:00\",\"breadcrumb\":{\"@id\":\"https:\/\/www.homar.nl\/rotors\/#breadcrumb\"},\"inLanguage\":\"tr\",\"potentialAction\":[{\"@type\":\"ReadAction\",\"target\":[\"https:\/\/www.homar.nl\/rotors\/\"]}]},{\"@type\":\"ImageObject\",\"inLanguage\":\"tr\",\"@id\":\"https:\/\/www.homar.nl\/rotors\/#primaryimage\",\"url\":\"https:\/\/www.homar.nl\/wp-content\/uploads\/2024\/03\/Rotor-PPM-4-stuks-225x300.jpg\",\"contentUrl\":\"https:\/\/www.homar.nl\/wp-content\/uploads\/2024\/03\/Rotor-PPM-4-stuks-225x300.jpg\"},{\"@type\":\"BreadcrumbList\",\"@id\":\"https:\/\/www.homar.nl\/rotors\/#breadcrumb\",\"itemListElement\":[{\"@type\":\"ListItem\",\"position\":1,\"name\":\"Home\",\"item\":\"https:\/\/www.homar.nl\/\"},{\"@type\":\"ListItem\",\"position\":2,\"name\":\"Rotors\"}]},{\"@type\":\"WebSite\",\"@id\":\"https:\/\/www.homar.nl\/#website\",\"url\":\"https:\/\/www.homar.nl\/\",\"name\":\"Homar B.V.\",\"description\":\"Cranes Worldwide\",\"publisher\":{\"@id\":\"https:\/\/www.homar.nl\/#organization\"},\"potentialAction\":[{\"@type\":\"SearchAction\",\"target\":{\"@type\":\"EntryPoint\",\"urlTemplate\":\"https:\/\/www.homar.nl\/?s={search_term_string}\"},\"query-input\":{\"@type\":\"PropertyValueSpecification\",\"valueRequired\":true,\"valueName\":\"search_term_string\"}}],\"inLanguage\":\"tr\"},{\"@type\":\"Organization\",\"@id\":\"https:\/\/www.homar.nl\/#organization\",\"name\":\"Homar B.V.\",\"url\":\"https:\/\/www.homar.nl\/\",\"logo\":{\"@type\":\"ImageObject\",\"inLanguage\":\"tr\",\"@id\":\"https:\/\/www.homar.nl\/#\/schema\/logo\/image\/\",\"url\":\"https:\/\/www.homar.nl\/wp-content\/uploads\/2025\/01\/cropped-Logo-Homar-middel.png\",\"contentUrl\":\"https:\/\/www.homar.nl\/wp-content\/uploads\/2025\/01\/cropped-Logo-Homar-middel.png\",\"width\":205,\"height\":138,\"caption\":\"Homar B.V.\"},\"image\":{\"@id\":\"https:\/\/www.homar.nl\/#\/schema\/logo\/image\/\"},\"sameAs\":[\"https:\/\/www.facebook.com\/homarcranesworldwide\"]}]}<\/script>\n<!-- \/ Yoast SEO plugin. -->","yoast_head_json":{"title":"Rotors | Homar B.V.","robots":{"index":"index","follow":"follow","max-snippet":"max-snippet:-1","max-image-preview":"max-image-preview:large","max-video-preview":"max-video-preview:-1"},"canonical":"https:\/\/www.homar.nl\/tr\/rotorlar\/","og_locale":"tr_TR","og_type":"article","og_title":"Rotors | Homar B.V.","og_url":"https:\/\/www.homar.nl\/tr\/rotorlar\/","og_site_name":"Homar B.V.","article_publisher":"https:\/\/www.facebook.com\/homarcranesworldwide","article_modified_time":"2025-04-01T10:52:43+00:00","og_image":[{"width":1512,"height":2016,"url":"https:\/\/www.homar.nl\/wp-content\/uploads\/2024\/03\/Rotor-PPM-4-stuks.jpg","type":"image\/jpeg"}],"twitter_card":"summary_large_image","schema":{"@context":"https:\/\/schema.org","@graph":[{"@type":"WebPage","@id":"https:\/\/www.homar.nl\/rotors\/","url":"https:\/\/www.homar.nl\/rotors\/","name":"Rotors | Homar B.V.","isPartOf":{"@id":"https:\/\/www.homar.nl\/#website"},"primaryImageOfPage":{"@id":"https:\/\/www.homar.nl\/rotors\/#primaryimage"},"image":{"@id":"https:\/\/www.homar.nl\/rotors\/#primaryimage"},"thumbnailUrl":"https:\/\/www.homar.nl\/wp-content\/uploads\/2024\/03\/Rotor-PPM-4-stuks-225x300.jpg","datePublished":"2025-03-24T09:07:51+00:00","dateModified":"2025-04-01T10:52:43+00:00","breadcrumb":{"@id":"https:\/\/www.homar.nl\/rotors\/#breadcrumb"},"inLanguage":"tr","potentialAction":[{"@type":"ReadAction","target":["https:\/\/www.homar.nl\/rotors\/"]}]},{"@type":"ImageObject","inLanguage":"tr","@id":"https:\/\/www.homar.nl\/rotors\/#primaryimage","url":"https:\/\/www.homar.nl\/wp-content\/uploads\/2024\/03\/Rotor-PPM-4-stuks-225x300.jpg","contentUrl":"https:\/\/www.homar.nl\/wp-content\/uploads\/2024\/03\/Rotor-PPM-4-stuks-225x300.jpg"},{"@type":"BreadcrumbList","@id":"https:\/\/www.homar.nl\/rotors\/#breadcrumb","itemListElement":[{"@type":"ListItem","position":1,"name":"Home","item":"https:\/\/www.homar.nl\/"},{"@type":"ListItem","position":2,"name":"Rotors"}]},{"@type":"WebSite","@id":"https:\/\/www.homar.nl\/#website","url":"https:\/\/www.homar.nl\/","name":"Homar B.V.","description":"D\u00fcnya \u00c7ap\u0131nda Vin\u00e7ler","publisher":{"@id":"https:\/\/www.homar.nl\/#organization"},"potentialAction":[{"@type":"SearchAction","target":{"@type":"EntryPoint","urlTemplate":"https:\/\/www.homar.nl\/?s={search_term_string}"},"query-input":{"@type":"PropertyValueSpecification","valueRequired":true,"valueName":"search_term_string"}}],"inLanguage":"tr"},{"@type":"Organization","@id":"https:\/\/www.homar.nl\/#organization","name":"Homar B.V.","url":"https:\/\/www.homar.nl\/","logo":{"@type":"ImageObject","inLanguage":"tr","@id":"https:\/\/www.homar.nl\/#\/schema\/logo\/image\/","url":"https:\/\/www.homar.nl\/wp-content\/uploads\/2025\/01\/cropped-Logo-Homar-middel.png","contentUrl":"https:\/\/www.homar.nl\/wp-content\/uploads\/2025\/01\/cropped-Logo-Homar-middel.png","width":205,"height":138,"caption":"Homar B.V."},"image":{"@id":"https:\/\/www.homar.nl\/#\/schema\/logo\/image\/"},"sameAs":["https:\/\/www.facebook.com\/homarcranesworldwide"]}]}},"mfb_rest_fields":["title","featured_image_url","post_author","assigned_categories","kubio_ai_page_context","yoast_head","yoast_head_json","gutenberg_elementor_mode"],"_links":{"self":[{"href":"https:\/\/www.homar.nl\/tr\/wp-json\/wp\/v2\/pages\/32499","targetHints":{"allow":["GET"]}}],"collection":[{"href":"https:\/\/www.homar.nl\/tr\/wp-json\/wp\/v2\/pages"}],"about":[{"href":"https:\/\/www.homar.nl\/tr\/wp-json\/wp\/v2\/types\/page"}],"author":[{"embeddable":true,"href":"https:\/\/www.homar.nl\/tr\/wp-json\/wp\/v2\/users\/2"}],"replies":[{"embeddable":true,"href":"https:\/\/www.homar.nl\/tr\/wp-json\/wp\/v2\/comments?post=32499"}],"version-history":[{"count":0,"href":"https:\/\/www.homar.nl\/tr\/wp-json\/wp\/v2\/pages\/32499\/revisions"}],"wp:attachment":[{"href":"https:\/\/www.homar.nl\/tr\/wp-json\/wp\/v2\/media?parent=32499"}],"curies":[{"name":"wp","href":"https:\/\/api.w.org\/{rel}","templated":true}]}}